{"id":233,"date":"2022-12-01T08:55:05","date_gmt":"2022-12-01T08:55:05","guid":{"rendered":"https:\/\/chezlesrubys.com\/?post_type=product&#038;p=233"},"modified":"2025-05-29T01:48:50","modified_gmt":"2025-05-29T01:48:50","slug":"carla-unit","status":"publish","type":"product","link":"http:\/\/chezlesrubys.com\/fr\/produit\/carla-unit\/","title":{"rendered":"K \u00c0 M \u0178 L \u0178 \u00c0"},"content":{"rendered":"<ul>\n<li>\n<div dir=\"ltr\">13*6 HD FRONTAL \u00a0 20&#8243;<\/div>\n<\/li>\n<li>TOP VIRGIN HAIR<\/li>\n<li>180% DENSITY<\/li>\n<\/ul>\n<p>**All wigs can be custom made into any colour of your choice. ( additional fees may apply)<\/p>\n<ul>\n<li>Production time &#8211; Up to 14 business days<\/li>\n<\/ul>\n<p>Contactez-nous: info@chezlesrubys.com<\/p>\n<p>&nbsp;<\/p>\n<p><img fetchpriority=\"high\" decoding=\"async\" class=\"alignnone size-medium wp-image-235\" src=\"http:\/\/chezlesrubys.com\/wp-content\/uploads\/2022\/12\/chezlesrubys-wig-size-300x235.jpg\" alt=\"\" width=\"300\" height=\"235\" srcset=\"https:\/\/chezlesrubys.com\/wp-content\/uploads\/2022\/12\/chezlesrubys-wig-size-300x235.jpg 300w, https:\/\/chezlesrubys.com\/wp-content\/uploads\/2022\/12\/chezlesrubys-wig-size-1024x803.jpg 1024w, https:\/\/chezlesrubys.com\/wp-content\/uploads\/2022\/12\/chezlesrubys-wig-size-768x602.jpg 768w, https:\/\/chezlesrubys.com\/wp-content\/uploads\/2022\/12\/chezlesrubys-wig-size-600x471.jpg 600w, https:\/\/chezlesrubys.com\/wp-content\/uploads\/2022\/12\/chezlesrubys-wig-size.jpg 1080w\" sizes=\"(max-width: 300px) 100vw, 300px\" \/><\/p>\n<p>&nbsp;<\/p>\n<ul>\n<li><\/li>\n<\/ul>\n<p>&nbsp;<\/p>","protected":false},"excerpt":{"rendered":"<ul>\n<li>\n<div dir=\"ltr\">13*6 HD FRONTAL \u00a0 20&#8243;<\/div>\n<\/li>\n<li>TOP VIRGIN HAIR<\/li>\n<li>180% DENSITY<\/li>\n<\/ul>\n<p>**All wigs can be custom made into any colour of your choice. ( additional fees may apply)<\/p>\n<ul>\n<li>Production time &#8211; Up to 14 business days<\/li>\n<\/ul>\n<p>Contactez-nous: info@chezlesrubys.com<\/p>\n<p>&nbsp;<\/p>","protected":false},"featured_media":2386,"comment_status":"open","ping_status":"closed","template":"","meta":[],"product_brand":[],"product_cat":[17],"product_tag":[],"class_list":{"0":"post-233","1":"product","2":"type-product","3":"status-publish","4":"has-post-thumbnail","6":"product_cat-hair-wigs","8":"first","9":"instock","10":"taxable","11":"shipping-taxable","12":"purchasable","13":"product-type-simple"},"_links":{"self":[{"href":"http:\/\/chezlesrubys.com\/fr\/wp-json\/wp\/v2\/product\/233","targetHints":{"allow":["GET"]}}],"collection":[{"href":"http:\/\/chezlesrubys.com\/fr\/wp-json\/wp\/v2\/product"}],"about":[{"href":"http:\/\/chezlesrubys.com\/fr\/wp-json\/wp\/v2\/types\/product"}],"replies":[{"embeddable":true,"href":"http:\/\/chezlesrubys.com\/fr\/wp-json\/wp\/v2\/comments?post=233"}],"wp:featuredmedia":[{"embeddable":true,"href":"http:\/\/chezlesrubys.com\/fr\/wp-json\/wp\/v2\/media\/2386"}],"wp:attachment":[{"href":"http:\/\/chezlesrubys.com\/fr\/wp-json\/wp\/v2\/media?parent=233"}],"wp:term":[{"taxonomy":"product_brand","embeddable":true,"href":"http:\/\/chezlesrubys.com\/fr\/wp-json\/wp\/v2\/product_brand?post=233"},{"taxonomy":"product_cat","embeddable":true,"href":"http:\/\/chezlesrubys.com\/fr\/wp-json\/wp\/v2\/product_cat?post=233"},{"taxonomy":"product_tag","embeddable":true,"href":"http:\/\/chezlesrubys.com\/fr\/wp-json\/wp\/v2\/product_tag?post=233"}],"curies":[{"name":"wp","href":"https:\/\/api.w.org\/{rel}","templated":true}]}}