{"id":3367,"date":"2023-08-08T02:42:43","date_gmt":"2023-08-08T02:42:43","guid":{"rendered":"https:\/\/chezlesrubys.com\/?post_type=product&#038;p=3367"},"modified":"2025-05-23T00:51:57","modified_gmt":"2025-05-23T00:51:57","slug":"m-o-a-n-a","status":"publish","type":"product","link":"http:\/\/chezlesrubys.com\/fr\/produit\/m-o-a-n-a\/","title":{"rendered":"M O N \u00c0 &#8211; L \u0178 S \u00c0"},"content":{"rendered":"<ul>\n<li>6*6 \u00a0HD CLOSURE 22&#8243;<\/li>\n<li>STH TOP VIRGIN HAIR<\/li>\n<li>180% DENSITY<\/li>\n<\/ul>\n<p>Toutes les perruques peuvent \u00eatre fabriqu\u00e9es sur mesure dans la couleur et la longueur de votre choix.<\/p>\n<p>&nbsp;<\/p>\n<p>Allow up to 2 week of production.<\/p>\n<p>Contact us: info@chezlesrubys.com<\/p>","protected":false},"excerpt":{"rendered":"<ul>\n<li>6*6 \u00a0HD CLOSURE \u00a0 22&#8243;<\/li>\n<li>STH TOP VIRGIN \u00a0HAIR<\/li>\n<li>180% DENSITY<\/li>\n<\/ul>\n<p>Toutes les perruques peuvent \u00eatre fabriqu\u00e9es sur mesure dans la couleur et la longueur de votre choix.<\/p>\n<p>&nbsp;<\/p>\n<p>Allow up to 2 week of production.<\/p>\n<p>Contact us: info@chezlesrubys.com<\/p>","protected":false},"featured_media":3382,"comment_status":"open","ping_status":"closed","template":"","meta":[],"product_brand":[],"product_cat":[17],"product_tag":[],"class_list":{"0":"post-3367","1":"product","2":"type-product","3":"status-publish","4":"has-post-thumbnail","6":"product_cat-hair-wigs","8":"first","9":"instock","10":"taxable","11":"shipping-taxable","12":"purchasable","13":"product-type-variable"},"_links":{"self":[{"href":"http:\/\/chezlesrubys.com\/fr\/wp-json\/wp\/v2\/product\/3367","targetHints":{"allow":["GET"]}}],"collection":[{"href":"http:\/\/chezlesrubys.com\/fr\/wp-json\/wp\/v2\/product"}],"about":[{"href":"http:\/\/chezlesrubys.com\/fr\/wp-json\/wp\/v2\/types\/product"}],"replies":[{"embeddable":true,"href":"http:\/\/chezlesrubys.com\/fr\/wp-json\/wp\/v2\/comments?post=3367"}],"wp:featuredmedia":[{"embeddable":true,"href":"http:\/\/chezlesrubys.com\/fr\/wp-json\/wp\/v2\/media\/3382"}],"wp:attachment":[{"href":"http:\/\/chezlesrubys.com\/fr\/wp-json\/wp\/v2\/media?parent=3367"}],"wp:term":[{"taxonomy":"product_brand","embeddable":true,"href":"http:\/\/chezlesrubys.com\/fr\/wp-json\/wp\/v2\/product_brand?post=3367"},{"taxonomy":"product_cat","embeddable":true,"href":"http:\/\/chezlesrubys.com\/fr\/wp-json\/wp\/v2\/product_cat?post=3367"},{"taxonomy":"product_tag","embeddable":true,"href":"http:\/\/chezlesrubys.com\/fr\/wp-json\/wp\/v2\/product_tag?post=3367"}],"curies":[{"name":"wp","href":"https:\/\/api.w.org\/{rel}","templated":true}]}}