{"id":3861,"date":"2023-10-22T02:59:01","date_gmt":"2023-10-22T02:59:01","guid":{"rendered":"https:\/\/chezlesrubys.com\/?post_type=product&#038;p=3861"},"modified":"2025-05-23T00:27:39","modified_gmt":"2025-05-23T00:27:39","slug":"l-u-x-y-a-n-a","status":"publish","type":"product","link":"http:\/\/chezlesrubys.com\/fr\/produit\/l-u-x-y-a-n-a\/","title":{"rendered":"L \u00d9 X \u0178 A N \u00c0"},"content":{"rendered":"<ul>\n<li>\n<div dir=\"ltr\">HD 6*6 \u00a0CLOSURE \u00a0 22\u2033<\/div>\n<\/li>\n<li>LUXURY SUPERIOR PRIME HAIR<\/li>\n<li>180% DENSITY<\/li>\n<\/ul>\n<p>Toutes les perruques peuvent \u00eatre fabriqu\u00e9es sur mesure dans la couleur et la longueur de votre choix.<\/p>\n<p>PS : Veuillez pr\u00e9voir 4 \u00e0 6 semaines de production.<br \/>\n<strong>Contactez-nous<\/strong>\u00a0<a href=\"mailto:info@chezlesrubys.com\" rel=\"noreferrer\">info@chezlesrubys.com<\/a>.<\/p>\n<p>***PS: AS FO<span style=\"font-size: 16px;\">R THE 6 WEEKS PAYMENT PLAN, THE ORDER IS HANDED OR SHIPPED AFTER ALL PAYMENTS ARE COMPLETELY MADE.***<\/span><\/p>\n<p>&nbsp;<\/p>\n<p>&nbsp;<\/p>\n<p><img fetchpriority=\"high\" decoding=\"async\" class=\"alignnone size-medium wp-image-276\" src=\"http:\/\/chezlesrubys.com\/wp-content\/uploads\/2022\/12\/chezlesrubys-wig-size-4-300x235.jpg\" alt=\"\" width=\"300\" height=\"235\" srcset=\"https:\/\/chezlesrubys.com\/wp-content\/uploads\/2022\/12\/chezlesrubys-wig-size-4-300x235.jpg 300w, https:\/\/chezlesrubys.com\/wp-content\/uploads\/2022\/12\/chezlesrubys-wig-size-4-1024x803.jpg 1024w, https:\/\/chezlesrubys.com\/wp-content\/uploads\/2022\/12\/chezlesrubys-wig-size-4-768x602.jpg 768w, https:\/\/chezlesrubys.com\/wp-content\/uploads\/2022\/12\/chezlesrubys-wig-size-4-600x471.jpg 600w, https:\/\/chezlesrubys.com\/wp-content\/uploads\/2022\/12\/chezlesrubys-wig-size-4.jpg 1080w\" sizes=\"(max-width: 300px) 100vw, 300px\" \/><\/p>","protected":false},"excerpt":{"rendered":"<ul>\n<li>\n<div dir=\"ltr\">HD 6*6 \u00a0CLOSURE \u00a0 \u00a022\u2033<\/div>\n<\/li>\n<li>LUXURY SUPERIOR PRIME HAIR<\/li>\n<li>180% DENSITY<\/li>\n<\/ul>\n<p>Toutes les perruques peuvent \u00eatre fabriqu\u00e9es sur mesure dans la couleur et la longueur de votre choix.<\/p>\n<p>PS : Veuillez pr\u00e9voir 4 \u00e0 6 semaines de production.<br \/>\n<strong>Contactez-nous<\/strong>\u00a0<a href=\"mailto:info@chezlesrubys.com\" rel=\"noreferrer\">info@chezlesrubys.com<\/a>.<\/p>\n<p>***PS: AS FO<span style=\"font-size: 16px;\">R THE 6 WEEKS PAYMENT PLAN, THE ORDER IS HANDED OR SHIPPED AFTER ALL PAYMENTS ARE COMPLETELY MADE.***<\/span><\/p>\n<p>&nbsp;<\/p>","protected":false},"featured_media":3862,"comment_status":"open","ping_status":"closed","template":"","meta":[],"product_brand":[],"product_cat":[17],"product_tag":[],"class_list":{"0":"post-3861","1":"product","2":"type-product","3":"status-publish","4":"has-post-thumbnail","6":"product_cat-hair-wigs","8":"first","9":"instock","10":"sold-individually","11":"taxable","12":"shipping-taxable","13":"purchasable","14":"product-type-simple"},"_links":{"self":[{"href":"http:\/\/chezlesrubys.com\/fr\/wp-json\/wp\/v2\/product\/3861","targetHints":{"allow":["GET"]}}],"collection":[{"href":"http:\/\/chezlesrubys.com\/fr\/wp-json\/wp\/v2\/product"}],"about":[{"href":"http:\/\/chezlesrubys.com\/fr\/wp-json\/wp\/v2\/types\/product"}],"replies":[{"embeddable":true,"href":"http:\/\/chezlesrubys.com\/fr\/wp-json\/wp\/v2\/comments?post=3861"}],"wp:featuredmedia":[{"embeddable":true,"href":"http:\/\/chezlesrubys.com\/fr\/wp-json\/wp\/v2\/media\/3862"}],"wp:attachment":[{"href":"http:\/\/chezlesrubys.com\/fr\/wp-json\/wp\/v2\/media?parent=3861"}],"wp:term":[{"taxonomy":"product_brand","embeddable":true,"href":"http:\/\/chezlesrubys.com\/fr\/wp-json\/wp\/v2\/product_brand?post=3861"},{"taxonomy":"product_cat","embeddable":true,"href":"http:\/\/chezlesrubys.com\/fr\/wp-json\/wp\/v2\/product_cat?post=3861"},{"taxonomy":"product_tag","embeddable":true,"href":"http:\/\/chezlesrubys.com\/fr\/wp-json\/wp\/v2\/product_tag?post=3861"}],"curies":[{"name":"wp","href":"https:\/\/api.w.org\/{rel}","templated":true}]}}